{"id":1307,"date":"2016-11-01T15:39:26","date_gmt":"2016-11-01T15:39:26","guid":{"rendered":"https:\/\/www.sea-medcom.com\/ueber-uns\/"},"modified":"2022-11-11T09:51:04","modified_gmt":"2022-11-11T09:51:04","slug":"ueber-uns","status":"publish","type":"page","link":"https:\/\/www.sea-medcom.com\/de\/ueber-uns\/","title":{"rendered":"\u00dcber Uns"},"content":{"rendered":"<p><div class=\"fusion-fullwidth fullwidth-box fusion-builder-row-1 fusion-flex-container hundred-percent-fullwidth non-hundred-percent-height-scrolling\" style=\"background-color: rgba(255,255,255,0);background-position: center center;background-repeat: no-repeat;border-width: 0px 0px 0px 0px;border-color:var(--awb-color3);border-style:solid;\" ><div class=\"fusion-builder-row fusion-row fusion-flex-align-items-stretch\" style=\"width:calc( 100% + 0px ) !important;max-width:calc( 100% + 0px ) !important;margin-left: calc(-0px \/ 2 );margin-right: calc(-0px \/ 2 );\"><div class=\"fusion-layout-column fusion_builder_column fusion-builder-column-0 fusion_builder_column_1_2 1_2 fusion-flex-column\"><div class=\"fusion-column-wrapper fusion-flex-justify-content-flex-start fusion-content-layout-column\" style=\"background-position:left top;background-blend-mode: overlay;background-repeat:no-repeat;-webkit-background-size:cover;-moz-background-size:cover;-o-background-size:cover;background-size:cover;padding: 100px 6% 100px 6%;\"><div class=\"fusion-separator\" style=\"align-self: flex-start;margin-right:auto;margin-bottom:30px;width:100%;max-width:100px;\"><div class=\"fusion-separator-border sep-single sep-solid\" style=\"border-color:#ffa500;border-top-width:5px;\"><\/div><\/div><div class=\"fusion-text fusion-text-1\"><p style=\"text-align: justify;\">Bei der <b>SEA Medcom GmbH<\/b> nutzen wir <b>Sachverstand, Strategie<\/b> und <b>Kreativit\u00e4t<\/b>, um spezifische Bed\u00fcrfnisse globaler M\u00e4rkte mit besonderem Fokus auf afrikanische, nah\u00f6stliche und asiatische M\u00e4rkte abzudecken und ihnen den einfachen Zugang zu Produkten und Dienstleistungen der f\u00fchrenden internationalen Marken zu erm\u00f6glichen, was das Wachstum ihres Unternehmensgesch\u00e4fts erm\u00f6glicht.<\/p>\n<p style=\"text-align: justify;\">Die <b>SEA Medcom GmbH<\/b> ist mit ihren <a href=\"\/de\/?page_id=1312\"><strong>drei Gesch\u00e4ftsbereichen<\/strong><\/a> und einem <strong>engagierten Team<\/strong> stets bestrebt, Kundenbed\u00fcrfnisse <strong>schnell<\/strong> und <strong>effizient<\/strong> zu erf\u00fcllen.<\/p>\n<p style=\"text-align: justify;\">Wesentliches Kriterium f\u00fcr jedes Produkt- und Dienstleistungsangebot der <b>SEA Medcom GmbH<\/b> ist Nachhaltigkeit.<\/p>\n<p style=\"text-align: justify;\">Es ist von entscheidender Bedeutung, dass wir diejenigen als Partnerunternehmen ausw\u00e4hlen, die immer auf die Umweltauswirkungen achten und sich f\u00fcr die Umsetzung einer Politik des nachhaltigen Wachstums einsetzen, mit einer Produktion aus erneuerbaren Quellen, was bedeutet, die umweltsch\u00e4dlichen Auswirkungen des Energiesystems konkret zu reduzieren und die Umweltressourcen des Planeten zu erhalten.<\/p>\n<\/div><div class=\"fusion-separator fusion-full-width-sep\" style=\"align-self: center;margin-left: auto;margin-right: auto;margin-top:7px;width:100%;\"><\/div><div class=\"fusion-text fusion-text-2\" style=\"color:#053378;\"><blockquote>\n<p style=\"text-align: justify;\"><strong>&#8222;Wachstum ist nicht nur eine Frage der Chancen, sondern auch der Blick in die richtige Richtung&#8220;<\/strong><\/p>\n<\/blockquote>\n<\/div><\/div><style type=\"text\/css\">.fusion-body .fusion-builder-column-0{width:50% !important;margin-top : 0px;margin-bottom : 0px;}.fusion-builder-column-0 > .fusion-column-wrapper {padding-top : 100px !important;padding-right : 6% !important;margin-right : 0;padding-bottom : 100px !important;padding-left : 6% !important;margin-left : 0px;}@media only screen and (max-width:1024px) {.fusion-body .fusion-builder-column-0{width:100% !important;order : 1;}.fusion-builder-column-0 > .fusion-column-wrapper {padding-top : 60px !important;margin-right : 0px;padding-bottom : 60px !important;margin-left : 0px;}}@media only screen and (max-width:640px) {.fusion-body .fusion-builder-column-0{width:100% !important;order : 1;}.fusion-builder-column-0 > .fusion-column-wrapper {margin-right : 0px;margin-left : 0px;}}<\/style><\/div><div class=\"fusion-layout-column fusion_builder_column fusion-builder-column-1 fusion_builder_column_1_2 1_2 fusion-flex-column\"><div class=\"fusion-column-wrapper lazyload fusion-flex-justify-content-flex-start fusion-content-layout-column fusion-empty-column-bg-image\" style=\"background-position:center center;background-repeat:no-repeat;-webkit-background-size:cover;-moz-background-size:cover;-o-background-size:cover;background-size:cover;padding: 0px 0px 0px 0px;\" data-bg-url=\"https:\/\/www.sea-medcom.com\/wp-content\/uploads\/2022\/09\/about-us2.jpg\" data-bg=\"https:\/\/www.sea-medcom.com\/wp-content\/uploads\/2022\/09\/about-us2.jpg\"><img class=\"fusion-empty-dims-img-placeholder fusion-no-large-visibility\" src=\"data:image\/svg+xml,%3Csvg%20xmlns%3D%27http%3A%2F%2Fwww.w3.org%2F2000%2Fsvg%27%20width%3D%27800%27%20height%3D%27600%27%20viewBox%3D%270%200%20800%20600%27%3E%3Crect%20width%3D%27800%27%20height%3D%27600%27%20fill-opacity%3D%220%22%2F%3E%3C%2Fsvg%3E\"><\/div><style type=\"text\/css\">.fusion-body .fusion-builder-column-1{width:50% !important;margin-top : 0px;margin-bottom : 0px;}.fusion-builder-column-1 > .fusion-column-wrapper {padding-top : 0px !important;padding-right : 0px !important;margin-right : 0px;padding-bottom : 0px !important;padding-left : 0px !important;margin-left : 0;}@media only screen and (max-width:1024px) {.fusion-body .fusion-builder-column-1{width:100% !important;order : 0;}.fusion-builder-column-1 > .fusion-column-wrapper {padding-top : 20vh !important;margin-right : 0px;padding-bottom : 20vh !important;margin-left : 0px;}}@media only screen and (max-width:640px) {.fusion-body .fusion-builder-column-1{width:100% !important;order : 0;}.fusion-builder-column-1 > .fusion-column-wrapper {margin-right : 0px;margin-left : 0px;}}<\/style><\/div><\/div><style type=\"text\/css\">.fusion-body .fusion-flex-container.fusion-builder-row-1{ padding-top : 0px;margin-top : 0px;padding-right : 0px;padding-bottom : 0px;margin-bottom : 0px;padding-left : 0px;}<\/style><\/div><div class=\"fusion-fullwidth fullwidth-box fusion-builder-row-2 fusion-flex-container has-pattern-background has-mask-background fusion-parallax-none nonhundred-percent-fullwidth non-hundred-percent-height-scrolling lazyload\" style=\"background-color: rgba(255,255,255,0);background-position: center center;background-repeat: no-repeat;border-width: 0px 0px 0px 0px;border-color:var(--awb-color3);border-style:solid;-webkit-background-size:cover;-moz-background-size:cover;-o-background-size:cover;background-size:cover;\" data-bg=\"https:\/\/www.sea-medcom.com\/wp-content\/uploads\/2022\/09\/CTA_background-verde.jpg\" ><div class=\"fusion-builder-row fusion-row fusion-flex-align-items-flex-start fusion-flex-justify-content-center\" style=\"max-width:1216.8px;margin-left: calc(-4% \/ 2 );margin-right: calc(-4% \/ 2 );\"><div class=\"fusion-layout-column fusion_builder_column fusion-builder-column-2 fusion_builder_column_2_3 2_3 fusion-flex-column\"><div class=\"fusion-column-wrapper fusion-flex-justify-content-flex-start fusion-content-layout-column\" style=\"background-position:left top;background-blend-mode: overlay;background-repeat:no-repeat;-webkit-background-size:cover;-moz-background-size:cover;-o-background-size:cover;background-size:cover;padding: 0px 0px 0px 0px;\"><div style=\"text-align:center;\"><span class=\" fusion-imageframe imageframe-none imageframe-1 hover-type-none\"><img decoding=\"async\" width=\"350\" height=\"62\" src=\"https:\/\/www.sea-medcom.com\/wp-content\/uploads\/2022\/08\/logo-standard_SEA-Medcom.png\" data-orig-src=\"https:\/\/www.sea-medcom.com\/wp-content\/uploads\/2022\/08\/logo-standard_SEA-Medcom.png\" alt class=\"lazyload img-responsive wp-image-1227\" srcset=\"data:image\/svg+xml,%3Csvg%20xmlns%3D%27http%3A%2F%2Fwww.w3.org%2F2000%2Fsvg%27%20width%3D%27350%27%20height%3D%2762%27%20viewBox%3D%270%200%20350%2062%27%3E%3Crect%20width%3D%27350%27%20height%3D%2762%27%20fill-opacity%3D%220%22%2F%3E%3C%2Fsvg%3E\" data-srcset=\"https:\/\/www.sea-medcom.com\/wp-content\/uploads\/2022\/08\/logo-standard_SEA-Medcom-200x35.png 200w, https:\/\/www.sea-medcom.com\/wp-content\/uploads\/2022\/08\/logo-standard_SEA-Medcom.png 350w\" data-sizes=\"auto\" data-orig-sizes=\"(max-width: 1024px) 100vw, (max-width: 640px) 100vw, 350px\" \/><\/span><\/div><div class=\"fusion-text fusion-text-3\" style=\"text-align:center;font-size:26px;line-height:1.8;color:var(--awb-color1);\"><p>IN KONTAKT KOMMEN<br \/>\nZ\u00f6gern Sie nicht, uns zu kontaktieren<br \/>\nWir sind bereit f\u00fcr Angebote und Zusammenarbeit<\/p>\n<\/div><div class=\"fusion-separator fusion-full-width-sep\" style=\"align-self: center;margin-left: auto;margin-right: auto;margin-top:20px;width:100%;\"><\/div><div style=\"text-align:center;\"><style>.fusion-body .fusion-button.button-1{border-color:var(--awb-color1);border-width:1px 1px 1px 1px;border-radius:0px 0px 0px 0px;background:#053378;}.fusion-body .fusion-button.button-1 .fusion-button-text,.fusion-body .fusion-button.button-1 i,.fusion-body .fusion-button.button-1:hover .fusion-button-text,.fusion-body .fusion-button.button-1:hover i,.fusion-body .fusion-button.button-1:focus .fusion-button-text,.fusion-body .fusion-button.button-1:focus i,.fusion-body .fusion-button.button-1:active .fusion-button-text,.fusion-body .fusion-button.button-1:active i{color:var(--awb-color1);}.fusion-body .fusion-button.button-1:hover,.fusion-body .fusion-button.button-1:active,.fusion-body .fusion-button.button-1:focus{border-color:var(--awb-color1);border-width:1px 1px 1px 1px;background:#8cc53d;}<\/style><a class=\"fusion-button button-flat button-xlarge button-custom button-1 fusion-button-default-span fusion-button-default-type\" target=\"_self\" href=\"https:\/\/www.sea-medcom.com\/contact\/\"><span class=\"fusion-button-text\">Kontaktiere uns<\/span><\/a><\/div><\/div><style type=\"text\/css\">.fusion-body .fusion-builder-column-2{width:66.666666666667% !important;margin-top : 0px;margin-bottom : 0px;}.fusion-builder-column-2 > .fusion-column-wrapper {padding-top : 0px !important;padding-right : 0px !important;margin-right : 2.88%;padding-bottom : 0px !important;padding-left : 0px !important;margin-left : 2.88%;}@media only screen and (max-width:1024px) {.fusion-body .fusion-builder-column-2{width:100% !important;}.fusion-builder-column-2 > .fusion-column-wrapper {margin-right : 1.92%;margin-left : 1.92%;}}@media only screen and (max-width:640px) {.fusion-body .fusion-builder-column-2{width:100% !important;}.fusion-builder-column-2 > .fusion-column-wrapper {margin-right : 1.92%;margin-left : 1.92%;}}<\/style><\/div><\/div><style type=\"text\/css\">.fusion-body .fusion-flex-container.fusion-builder-row-2{ padding-top : 100px;margin-top : 0px;padding-right : 30px;padding-bottom : 100px;margin-bottom : 0px;padding-left : 30px;}<\/style><\/div><\/p>\n","protected":false},"excerpt":{"rendered":"","protected":false},"author":1,"featured_media":0,"parent":0,"menu_order":0,"comment_status":"closed","ping_status":"closed","template":"100-width.php","meta":{"_themeisle_gutenberg_block_has_review":false},"yoast_head":"<!-- This site is optimized with the Yoast SEO plugin v20.11 - https:\/\/yoast.com\/wordpress\/plugins\/seo\/ -->\n<title>\u00dcber Uns - SEA-Medcom<\/title>\n<meta name=\"robots\" content=\"index, follow, max-snippet:-1, max-image-preview:large, max-video-preview:-1\" \/>\n<link rel=\"canonical\" href=\"https:\/\/www.sea-medcom.com\/de\/ueber-uns\/\" \/>\n<meta property=\"og:locale\" content=\"de_DE\" \/>\n<meta property=\"og:type\" content=\"article\" \/>\n<meta property=\"og:title\" content=\"\u00dcber Uns - SEA-Medcom\" \/>\n<meta property=\"og:url\" content=\"https:\/\/www.sea-medcom.com\/de\/ueber-uns\/\" \/>\n<meta property=\"og:site_name\" content=\"SEA-Medcom\" \/>\n<meta property=\"article:modified_time\" content=\"2022-11-11T09:51:04+00:00\" \/>\n<meta name=\"twitter:card\" content=\"summary_large_image\" \/>\n<meta name=\"twitter:label1\" content=\"Gesch\u00e4tzte Lesezeit\" \/>\n\t<meta name=\"twitter:data1\" content=\"10 Minuten\" \/>\n<script type=\"application\/ld+json\" class=\"yoast-schema-graph\">{\"@context\":\"https:\/\/schema.org\",\"@graph\":[{\"@type\":\"WebPage\",\"@id\":\"https:\/\/www.sea-medcom.com\/de\/ueber-uns\/\",\"url\":\"https:\/\/www.sea-medcom.com\/de\/ueber-uns\/\",\"name\":\"\u00dcber Uns - SEA-Medcom\",\"isPartOf\":{\"@id\":\"https:\/\/www.sea-medcom.com\/de\/#website\"},\"datePublished\":\"2016-11-01T15:39:26+00:00\",\"dateModified\":\"2022-11-11T09:51:04+00:00\",\"breadcrumb\":{\"@id\":\"https:\/\/www.sea-medcom.com\/de\/ueber-uns\/#breadcrumb\"},\"inLanguage\":\"de-DE\",\"potentialAction\":[{\"@type\":\"ReadAction\",\"target\":[\"https:\/\/www.sea-medcom.com\/de\/ueber-uns\/\"]}]},{\"@type\":\"BreadcrumbList\",\"@id\":\"https:\/\/www.sea-medcom.com\/de\/ueber-uns\/#breadcrumb\",\"itemListElement\":[{\"@type\":\"ListItem\",\"position\":1,\"name\":\"Home\",\"item\":\"https:\/\/www.sea-medcom.com\/de\/\"},{\"@type\":\"ListItem\",\"position\":2,\"name\":\"\u00dcber Uns\"}]},{\"@type\":\"WebSite\",\"@id\":\"https:\/\/www.sea-medcom.com\/de\/#website\",\"url\":\"https:\/\/www.sea-medcom.com\/de\/\",\"name\":\"SEA-Medcom\",\"description\":\"\",\"publisher\":{\"@id\":\"https:\/\/www.sea-medcom.com\/de\/#organization\"},\"potentialAction\":[{\"@type\":\"SearchAction\",\"target\":{\"@type\":\"EntryPoint\",\"urlTemplate\":\"https:\/\/www.sea-medcom.com\/de\/?s={search_term_string}\"},\"query-input\":\"required name=search_term_string\"}],\"inLanguage\":\"de-DE\"},{\"@type\":\"Organization\",\"@id\":\"https:\/\/www.sea-medcom.com\/de\/#organization\",\"name\":\"SEA Medcom Gmbh\",\"url\":\"https:\/\/www.sea-medcom.com\/de\/\",\"logo\":{\"@type\":\"ImageObject\",\"inLanguage\":\"de-DE\",\"@id\":\"https:\/\/www.sea-medcom.com\/de\/#\/schema\/logo\/image\/\",\"url\":\"https:\/\/www.sea-medcom.com\/wp-content\/uploads\/2022\/08\/logo-mob-retina_SEA-Medcom.png\",\"contentUrl\":\"https:\/\/www.sea-medcom.com\/wp-content\/uploads\/2022\/08\/logo-mob-retina_SEA-Medcom.png\",\"width\":427,\"height\":75,\"caption\":\"SEA Medcom Gmbh\"},\"image\":{\"@id\":\"https:\/\/www.sea-medcom.com\/de\/#\/schema\/logo\/image\/\"}}]}<\/script>\n<!-- \/ Yoast SEO plugin. -->","yoast_head_json":{"title":"\u00dcber Uns - SEA-Medcom","robots":{"index":"index","follow":"follow","max-snippet":"max-snippet:-1","max-image-preview":"max-image-preview:large","max-video-preview":"max-video-preview:-1"},"canonical":"https:\/\/www.sea-medcom.com\/de\/ueber-uns\/","og_locale":"de_DE","og_type":"article","og_title":"\u00dcber Uns - SEA-Medcom","og_url":"https:\/\/www.sea-medcom.com\/de\/ueber-uns\/","og_site_name":"SEA-Medcom","article_modified_time":"2022-11-11T09:51:04+00:00","twitter_card":"summary_large_image","twitter_misc":{"Gesch\u00e4tzte Lesezeit":"10 Minuten"},"schema":{"@context":"https:\/\/schema.org","@graph":[{"@type":"WebPage","@id":"https:\/\/www.sea-medcom.com\/de\/ueber-uns\/","url":"https:\/\/www.sea-medcom.com\/de\/ueber-uns\/","name":"\u00dcber Uns - SEA-Medcom","isPartOf":{"@id":"https:\/\/www.sea-medcom.com\/de\/#website"},"datePublished":"2016-11-01T15:39:26+00:00","dateModified":"2022-11-11T09:51:04+00:00","breadcrumb":{"@id":"https:\/\/www.sea-medcom.com\/de\/ueber-uns\/#breadcrumb"},"inLanguage":"de-DE","potentialAction":[{"@type":"ReadAction","target":["https:\/\/www.sea-medcom.com\/de\/ueber-uns\/"]}]},{"@type":"BreadcrumbList","@id":"https:\/\/www.sea-medcom.com\/de\/ueber-uns\/#breadcrumb","itemListElement":[{"@type":"ListItem","position":1,"name":"Home","item":"https:\/\/www.sea-medcom.com\/de\/"},{"@type":"ListItem","position":2,"name":"\u00dcber Uns"}]},{"@type":"WebSite","@id":"https:\/\/www.sea-medcom.com\/de\/#website","url":"https:\/\/www.sea-medcom.com\/de\/","name":"SEA-Medcom","description":"","publisher":{"@id":"https:\/\/www.sea-medcom.com\/de\/#organization"},"potentialAction":[{"@type":"SearchAction","target":{"@type":"EntryPoint","urlTemplate":"https:\/\/www.sea-medcom.com\/de\/?s={search_term_string}"},"query-input":"required name=search_term_string"}],"inLanguage":"de-DE"},{"@type":"Organization","@id":"https:\/\/www.sea-medcom.com\/de\/#organization","name":"SEA Medcom Gmbh","url":"https:\/\/www.sea-medcom.com\/de\/","logo":{"@type":"ImageObject","inLanguage":"de-DE","@id":"https:\/\/www.sea-medcom.com\/de\/#\/schema\/logo\/image\/","url":"https:\/\/www.sea-medcom.com\/wp-content\/uploads\/2022\/08\/logo-mob-retina_SEA-Medcom.png","contentUrl":"https:\/\/www.sea-medcom.com\/wp-content\/uploads\/2022\/08\/logo-mob-retina_SEA-Medcom.png","width":427,"height":75,"caption":"SEA Medcom Gmbh"},"image":{"@id":"https:\/\/www.sea-medcom.com\/de\/#\/schema\/logo\/image\/"}}]}},"_links":{"self":[{"href":"https:\/\/www.sea-medcom.com\/de\/wp-json\/wp\/v2\/pages\/1307"}],"collection":[{"href":"https:\/\/www.sea-medcom.com\/de\/wp-json\/wp\/v2\/pages"}],"about":[{"href":"https:\/\/www.sea-medcom.com\/de\/wp-json\/wp\/v2\/types\/page"}],"author":[{"embeddable":true,"href":"https:\/\/www.sea-medcom.com\/de\/wp-json\/wp\/v2\/users\/1"}],"replies":[{"embeddable":true,"href":"https:\/\/www.sea-medcom.com\/de\/wp-json\/wp\/v2\/comments?post=1307"}],"version-history":[{"count":6,"href":"https:\/\/www.sea-medcom.com\/de\/wp-json\/wp\/v2\/pages\/1307\/revisions"}],"predecessor-version":[{"id":1372,"href":"https:\/\/www.sea-medcom.com\/de\/wp-json\/wp\/v2\/pages\/1307\/revisions\/1372"}],"wp:attachment":[{"href":"https:\/\/www.sea-medcom.com\/de\/wp-json\/wp\/v2\/media?parent=1307"}],"curies":[{"name":"wp","href":"https:\/\/api.w.org\/{rel}","templated":true}]}}